{"id":14,"date":"2021-12-12T10:35:54","date_gmt":"2021-12-12T10:35:54","guid":{"rendered":"https:\/\/amaz-montage.de\/?page_id=14"},"modified":"2022-02-18T17:07:47","modified_gmt":"2022-02-18T17:07:47","slug":"impressum","status":"publish","type":"page","link":"https:\/\/amaz-montage.de\/fa\/impressum","title":{"rendered":"\u0645\u0627\u0644\u06a9\u06cc\u062a"},"content":{"rendered":"<section class=\"vc_rows wpb_rows vc_rows-fluid\" style=\"background-position: None!important\"><div class=\"row\"><div class=\"wpb_column col-md-12\"><div class=\"wpb_wrapper\">\n\t<div class=\"wpb_text_column wpb_content_element  wpb_animate_when_almost_visible wpb_appear appear vc_custom_1644785235943\" >\n\t\t<div class=\"wpb_wrapper\">\n\t\t\t<h1 style=\"text-align: center;\">\u0627\u0637\u0644\u0627\u0639\u0627\u062a \u0645\u0627\u0644\u06a9\u06cc\u062a \u0622\u0645\u0627\u0632<\/h1>\n\n\t\t<\/div>\n\t<\/div>\n<\/div><\/div><\/div><\/section><section class=\"vc_rows wpb_rows vc_rows-fluid\" style=\"background-position: None!important\"><div class=\"row\"><div class=\"wpb_column col-md-12\"><div class=\"wpb_wrapper\"><div class=\"vc_separator wpb_content_element vc_separator_align_center vc_sep_width_100 vc_sep_border_width_2 vc_sep_pos_align_center vc_separator_no_text vc_custom_1644088318213  vc_custom_1644088318213\" ><span class=\"vc_sep_holder vc_sep_holder_l\"><span  style=\"border-color:#ffcd20;\" class=\"vc_sep_line\"><\/span><\/span><span class=\"vc_sep_holder vc_sep_holder_r\"><span  style=\"border-color:#ffcd20;\" class=\"vc_sep_line\"><\/span><\/span>\n<\/div><\/div><\/div><\/div><\/section><section class=\"vc_rows wpb_rows vc_rows-fluid vc_custom_1644088336190\" style=\"background-position: None!important\"><div class=\"row\"><div class=\"wpb_column col-md-12\"><div class=\"wpb_wrapper\">\n\t<div class=\"wpb_text_column wpb_content_element\" >\n\t\t<div class=\"wpb_wrapper\">\n\t\t\t<p style=\"text-align: center;\">\u0622\u0645\u0627\u0632 \u0645\u0633\u0626\u0648\u0644\u06cc\u062a \u0645\u062d\u062a\u0648\u0627 \u0631\u0627 \u0628\u0631 \u0639\u0647\u062f\u0647 \u062f\u0627\u0631\u062f<\/p>\n\n\t\t<\/div>\n\t<\/div>\n<\/div><\/div><\/div><\/section><section class=\"vc_rows wpb_rows vc_rows-fluid vc_custom_1644088345172\" style=\"background-position: None!important\"><div class=\"row\"><div class=\"wpb_column col-md-4\"><div class=\"wpb_wrapper\">\n\t<div  class=\"wpb_single_image wpb_content_element vc_align_center\">\n\t\t\n\t\t<figure class=\"wpb_wrapper vc_figure\">\n\t\t\t<div class=\"vc_single_image-wrapper   vc_box_border_grey\"><img loading=\"lazy\" decoding=\"async\" class=\"vc_single_image-img\" src=\"https:\/\/amaz-montage.de\/wp-content\/uploads\/2022\/02\/Impressum-2-300x170-1.jpg\" width=\"300\" height=\"170\" alt=\"Impressum-2-300x170\" title=\"Impressum-2-300x170\" \/><\/div>\n\t\t<\/figure>\n\t<\/div>\n<\/div><\/div><div class=\"wpb_column col-md-4\"><div class=\"wpb_wrapper\">\n\t<div class=\"wpb_text_column wpb_content_element\" >\n\t\t<div class=\"wpb_wrapper\">\n\t\t\t<p style=\"text-align: center;\">\u062a\u0645\u0627\u0633 \u0628\u0627 \u0645\u0627<\/p>\n<p style=\"text-align: center;\">Telefon : 0176-24764342<br \/>\nE-Mail : info@amaz-montage.de<br \/>\n\u0634\u0645\u0627\u0631\u0647 \u0645\u0627\u0644\u06cc\u0627\u062a\u06cc : 218\/5007\/5720<\/p>\n\n\t\t<\/div>\n\t<\/div>\n<\/div><\/div><div class=\"wpb_column col-md-4\"><div class=\"wpb_wrapper\">\n\t<div  class=\"wpb_single_image wpb_content_element vc_align_center\">\n\t\t\n\t\t<figure class=\"wpb_wrapper vc_figure\">\n\t\t\t<div class=\"vc_single_image-wrapper   vc_box_border_grey\"><img loading=\"lazy\" decoding=\"async\" class=\"vc_single_image-img\" src=\"https:\/\/amaz-montage.de\/wp-content\/uploads\/2022\/02\/Impressum-3-300x170-1.jpg\" width=\"300\" height=\"170\" alt=\"Impressum-3-300x170\" title=\"Impressum-3-300x170\" \/><\/div>\n\t\t<\/figure>\n\t<\/div>\n<\/div><\/div><\/div><\/section><section class=\"vc_rows wpb_rows vc_rows-fluid\" style=\"background-position: None!important\"><div class=\"row\"><div class=\"wpb_column col-md-4\"><div class=\"wpb_wrapper\"><div class=\"vc_icon_element vc_icon_element-outer vc_icon_element-align-center\"><div class=\"vc_icon_element-inner vc_icon_element-color-custom vc_icon_element-size-md vc_icon_element-style- vc_icon_element-background-color-grey\" ><span class=\"vc_icon_element-icon fa fa-address-card\" style=\"color:#ffcd20 !important\"><\/span><\/div><\/div><\/div><\/div><div class=\"wpb_column col-md-4\"><div class=\"wpb_wrapper\"><div class=\"vc_icon_element vc_icon_element-outer vc_icon_element-align-center\"><div class=\"vc_icon_element-inner vc_icon_element-color-custom vc_icon_element-size-md vc_icon_element-style- vc_icon_element-background-color-grey\" ><span class=\"vc_icon_element-icon fa fa-envelope-open\" style=\"color:#ffcd20 !important\"><\/span><\/div><\/div><\/div><\/div><div class=\"wpb_column col-md-4\"><div class=\"wpb_wrapper\"><div class=\"vc_icon_element vc_icon_element-outer vc_icon_element-align-center\"><div class=\"vc_icon_element-inner vc_icon_element-color-custom vc_icon_element-size-md vc_icon_element-style- vc_icon_element-background-color-grey\" ><span class=\"vc_icon_element-icon fa fa-university\" style=\"color:#ffcd20 !important\"><\/span><\/div><\/div><\/div><\/div><\/div><\/section><section class=\"vc_rows wpb_rows vc_rows-fluid vc_custom_1644785183308\" style=\"background-position: None!important\"><div class=\"row\"><div class=\"wpb_column col-md-4\"><div class=\"wpb_wrapper\">\n\t<div class=\"wpb_text_column wpb_content_element\" >\n\t\t<div class=\"wpb_wrapper\">\n\t\t\t<p style=\"text-align: center;\">\u0646\u0635\u0628 \u0622\u0645\u0627\u0632<\/p>\n<p style=\"text-align: center;\">\u0645\u062f\u06cc\u0631\u06cc\u062a \u0622\u0642\u0627\u06cc \u0627\u0645\u06cc\u0646 \u0639\u0632\u06cc\u0632\u06cc<br \/>\n\u0622\u062f\u0631\u0633<br \/>\nPLZ\/Ort : 51069 K\u00f6ln<\/p>\n\n\t\t<\/div>\n\t<\/div>\n<\/div><\/div><div class=\"wpb_column col-md-4\"><div class=\"wpb_wrapper\">\n\t<div  class=\"wpb_single_image wpb_content_element vc_align_center\">\n\t\t\n\t\t<figure class=\"wpb_wrapper vc_figure\">\n\t\t\t<div class=\"vc_single_image-wrapper   vc_box_border_grey\"><img loading=\"lazy\" decoding=\"async\" class=\"vc_single_image-img\" src=\"https:\/\/amaz-montage.de\/wp-content\/uploads\/2022\/02\/Impressum-1-300x170-1.jpg\" width=\"300\" height=\"170\" alt=\"Impressum-1-300x170\" title=\"Impressum-1-300x170\" \/><\/div>\n\t\t<\/figure>\n\t<\/div>\n<\/div><\/div><div class=\"wpb_column col-md-4\"><div class=\"wpb_wrapper\">\n\t<div class=\"wpb_text_column wpb_content_element\" >\n\t\t<div class=\"wpb_wrapper\">\n\t\t\t<p style=\"text-align: center;\">\u0627\u0637\u0644\u0627\u0639\u0627\u062a \u0628\u0627\u0646\u06a9\u06cc<\/p>\n<p style=\"text-align: center;\">IBAN : DE39 3705 0198 1935 9703 33<br \/>\nBIC : COLSDE33<br \/>\nSparkasse Koeln Bonn<\/p>\n\n\t\t<\/div>\n\t<\/div>\n<\/div><\/div><\/div><\/section>","protected":false},"excerpt":{"rendered":"Impressum von Amaz Verantwortlich f\u00fcr den Inhalt ist Amaz Kontakt Telefon : 0176-24764342 E-Mail : info@amaz-montage.de Steuernummer : 218\/5007\/5720 Amaz Montage Gesch\u00e4ftsf\u00fchrer : Amin Azizi Stra\u00dfe : Berliner Str.880 PLZ\/Ort : 51069 K\u00f6ln Bankverbindung IBAN : DE39 3705 0198 1935 9703 33 BIC : COLSDE33 Sparkasse Koeln Bonn","protected":false},"author":1,"featured_media":0,"parent":0,"menu_order":0,"comment_status":"closed","ping_status":"closed","template":"page-templates\/template-canvas.php","meta":{"footnotes":""},"class_list":["post-14","page","type-page","status-publish","hentry"],"yoast_head":"<!-- This site is optimized with the Yoast SEO plugin v27.3 - https:\/\/yoast.com\/product\/yoast-seo-wordpress\/ -->\n<title>Impressum - Amaz-Montage<\/title>\n<meta name=\"description\" content=\"Verantwortlich f\u00fcr den Inhalt ist Amaz\" \/>\n<meta name=\"robots\" content=\"index, follow, max-snippet:-1, max-image-preview:large, max-video-preview:-1\" \/>\n<link rel=\"canonical\" href=\"https:\/\/amaz-montage.de\/fa\/impressum\/\" \/>\n<meta property=\"og:locale\" content=\"fa_IR\" \/>\n<meta property=\"og:type\" content=\"article\" \/>\n<meta property=\"og:title\" content=\"Impressum - Amaz-Montage\" \/>\n<meta property=\"og:description\" content=\"Verantwortlich f\u00fcr den Inhalt ist Amaz\" \/>\n<meta property=\"og:url\" content=\"https:\/\/amaz-montage.de\/fa\/impressum\/\" \/>\n<meta property=\"og:site_name\" content=\"Amaz-Montage\" \/>\n<meta property=\"article:modified_time\" content=\"2022-02-18T17:07:47+00:00\" \/>\n<meta name=\"twitter:card\" content=\"summary_large_image\" \/>\n<meta name=\"twitter:label1\" content=\"\u0632\u0645\u0627\u0646 \u062a\u0642\u0631\u06cc\u0628\u06cc \u0628\u0631\u0627\u06cc \u062e\u0648\u0627\u0646\u062f\u0646\" \/>\n\t<meta name=\"twitter:data1\" content=\"1 \u062f\u0642\u06cc\u0642\u0647\" \/>\n<script type=\"application\/ld+json\" class=\"yoast-schema-graph\">{\"@context\":\"https:\\\/\\\/schema.org\",\"@graph\":[{\"@type\":\"WebPage\",\"@id\":\"https:\\\/\\\/amaz-montage.de\\\/impressum\",\"url\":\"https:\\\/\\\/amaz-montage.de\\\/impressum\",\"name\":\"Impressum - Amaz-Montage\",\"isPartOf\":{\"@id\":\"https:\\\/\\\/amaz-montage.de\\\/#website\"},\"datePublished\":\"2021-12-12T10:35:54+00:00\",\"dateModified\":\"2022-02-18T17:07:47+00:00\",\"description\":\"Verantwortlich f\u00fcr den Inhalt ist Amaz\",\"breadcrumb\":{\"@id\":\"https:\\\/\\\/amaz-montage.de\\\/impressum#breadcrumb\"},\"inLanguage\":\"fa-IR\",\"potentialAction\":[{\"@type\":\"ReadAction\",\"target\":[\"https:\\\/\\\/amaz-montage.de\\\/impressum\"]}]},{\"@type\":\"BreadcrumbList\",\"@id\":\"https:\\\/\\\/amaz-montage.de\\\/impressum#breadcrumb\",\"itemListElement\":[{\"@type\":\"ListItem\",\"position\":1,\"name\":\"Startseite\",\"item\":\"https:\\\/\\\/amaz-montage.de\\\/\"},{\"@type\":\"ListItem\",\"position\":2,\"name\":\"Impressum\"}]},{\"@type\":\"WebSite\",\"@id\":\"https:\\\/\\\/amaz-montage.de\\\/#website\",\"url\":\"https:\\\/\\\/amaz-montage.de\\\/\",\"name\":\"Amaz-Montage\",\"description\":\"Wir bieten einen kompletten Montageservice an.\",\"publisher\":{\"@id\":\"https:\\\/\\\/amaz-montage.de\\\/#organization\"},\"potentialAction\":[{\"@type\":\"SearchAction\",\"target\":{\"@type\":\"EntryPoint\",\"urlTemplate\":\"https:\\\/\\\/amaz-montage.de\\\/?s={search_term_string}\"},\"query-input\":{\"@type\":\"PropertyValueSpecification\",\"valueRequired\":true,\"valueName\":\"search_term_string\"}}],\"inLanguage\":\"fa-IR\"},{\"@type\":\"Organization\",\"@id\":\"https:\\\/\\\/amaz-montage.de\\\/#organization\",\"name\":\"Amaz-Montage\",\"url\":\"https:\\\/\\\/amaz-montage.de\\\/\",\"logo\":{\"@type\":\"ImageObject\",\"inLanguage\":\"fa-IR\",\"@id\":\"https:\\\/\\\/amaz-montage.de\\\/#\\\/schema\\\/logo\\\/image\\\/\",\"url\":\"https:\\\/\\\/amaz-montage.de\\\/wp-content\\\/uploads\\\/2021\\\/12\\\/cropped-Logo-1-1.png\",\"contentUrl\":\"https:\\\/\\\/amaz-montage.de\\\/wp-content\\\/uploads\\\/2021\\\/12\\\/cropped-Logo-1-1.png\",\"width\":933,\"height\":394,\"caption\":\"Amaz-Montage\"},\"image\":{\"@id\":\"https:\\\/\\\/amaz-montage.de\\\/#\\\/schema\\\/logo\\\/image\\\/\"}}]}<\/script>\n<!-- \/ Yoast SEO plugin. -->","yoast_head_json":{"title":"Impressum - Amaz-Montage","description":"Verantwortlich f\u00fcr den Inhalt ist Amaz","robots":{"index":"index","follow":"follow","max-snippet":"max-snippet:-1","max-image-preview":"max-image-preview:large","max-video-preview":"max-video-preview:-1"},"canonical":"https:\/\/amaz-montage.de\/fa\/impressum\/","og_locale":"fa_IR","og_type":"article","og_title":"Impressum - Amaz-Montage","og_description":"Verantwortlich f\u00fcr den Inhalt ist Amaz","og_url":"https:\/\/amaz-montage.de\/fa\/impressum\/","og_site_name":"Amaz-Montage","article_modified_time":"2022-02-18T17:07:47+00:00","twitter_card":"summary_large_image","twitter_misc":{"\u0632\u0645\u0627\u0646 \u062a\u0642\u0631\u06cc\u0628\u06cc \u0628\u0631\u0627\u06cc \u062e\u0648\u0627\u0646\u062f\u0646":"1 \u062f\u0642\u06cc\u0642\u0647"},"schema":{"@context":"https:\/\/schema.org","@graph":[{"@type":"WebPage","@id":"https:\/\/amaz-montage.de\/impressum","url":"https:\/\/amaz-montage.de\/impressum","name":"Impressum - Amaz-Montage","isPartOf":{"@id":"https:\/\/amaz-montage.de\/#website"},"datePublished":"2021-12-12T10:35:54+00:00","dateModified":"2022-02-18T17:07:47+00:00","description":"Verantwortlich f\u00fcr den Inhalt ist Amaz","breadcrumb":{"@id":"https:\/\/amaz-montage.de\/impressum#breadcrumb"},"inLanguage":"fa-IR","potentialAction":[{"@type":"ReadAction","target":["https:\/\/amaz-montage.de\/impressum"]}]},{"@type":"BreadcrumbList","@id":"https:\/\/amaz-montage.de\/impressum#breadcrumb","itemListElement":[{"@type":"ListItem","position":1,"name":"Startseite","item":"https:\/\/amaz-montage.de\/"},{"@type":"ListItem","position":2,"name":"Impressum"}]},{"@type":"WebSite","@id":"https:\/\/amaz-montage.de\/#website","url":"https:\/\/amaz-montage.de\/","name":"Amaz-Montage","description":"Wir bieten einen kompletten Montageservice an.","publisher":{"@id":"https:\/\/amaz-montage.de\/#organization"},"potentialAction":[{"@type":"SearchAction","target":{"@type":"EntryPoint","urlTemplate":"https:\/\/amaz-montage.de\/?s={search_term_string}"},"query-input":{"@type":"PropertyValueSpecification","valueRequired":true,"valueName":"search_term_string"}}],"inLanguage":"fa-IR"},{"@type":"Organization","@id":"https:\/\/amaz-montage.de\/#organization","name":"Amaz-Montage","url":"https:\/\/amaz-montage.de\/","logo":{"@type":"ImageObject","inLanguage":"fa-IR","@id":"https:\/\/amaz-montage.de\/#\/schema\/logo\/image\/","url":"https:\/\/amaz-montage.de\/wp-content\/uploads\/2021\/12\/cropped-Logo-1-1.png","contentUrl":"https:\/\/amaz-montage.de\/wp-content\/uploads\/2021\/12\/cropped-Logo-1-1.png","width":933,"height":394,"caption":"Amaz-Montage"},"image":{"@id":"https:\/\/amaz-montage.de\/#\/schema\/logo\/image\/"}}]}},"_links":{"self":[{"href":"https:\/\/amaz-montage.de\/fa\/wp-json\/wp\/v2\/pages\/14","targetHints":{"allow":["GET"]}}],"collection":[{"href":"https:\/\/amaz-montage.de\/fa\/wp-json\/wp\/v2\/pages"}],"about":[{"href":"https:\/\/amaz-montage.de\/fa\/wp-json\/wp\/v2\/types\/page"}],"author":[{"embeddable":true,"href":"https:\/\/amaz-montage.de\/fa\/wp-json\/wp\/v2\/users\/1"}],"replies":[{"embeddable":true,"href":"https:\/\/amaz-montage.de\/fa\/wp-json\/wp\/v2\/comments?post=14"}],"version-history":[{"count":13,"href":"https:\/\/amaz-montage.de\/fa\/wp-json\/wp\/v2\/pages\/14\/revisions"}],"predecessor-version":[{"id":1427,"href":"https:\/\/amaz-montage.de\/fa\/wp-json\/wp\/v2\/pages\/14\/revisions\/1427"}],"wp:attachment":[{"href":"https:\/\/amaz-montage.de\/fa\/wp-json\/wp\/v2\/media?parent=14"}],"curies":[{"name":"wp","href":"https:\/\/api.w.org\/{rel}","templated":true}]}}