{"id":1011,"date":"2016-04-18T10:51:58","date_gmt":"2016-04-18T10:51:58","guid":{"rendered":"http:\/\/localhost:8888\/move-it\/?page_id=1011"},"modified":"2022-02-18T17:04:05","modified_gmt":"2022-02-18T17:04:05","slug":"kontakt","status":"publish","type":"page","link":"https:\/\/amaz-montage.de\/fa\/kontakt","title":{"rendered":"\u062a\u0645\u0627\u0633 \u0628\u0627 \u0645\u0627"},"content":{"rendered":"<section class=\"vc_rows wpb_rows vc_rows-fluid vc_custom_1460894058626\" style=\"background-position: None!important\"><div class=\"row\"><div class=\"wpb_column col-md-12\"><div class=\"wpb_wrapper\">\n\t<div class=\"wpb_text_column wpb_content_element\" >\n\t\t<div class=\"wpb_wrapper\">\n\t\t\t<p style=\"text-align: center;\">\u0634\u0645\u0627 \u0645\u06cc \u062a\u0648\u0627\u0646\u06cc\u062f \u062f\u0631 \u0647\u0631 \u0632\u0645\u0627\u0646 \u0628\u0627 \u0646\u0645\u0627\u06cc\u0646\u062f\u0647 \u0622\u0646\u0644\u0627\u06cc\u0646 \u0645\u0627 \u0635\u062d\u0628\u062a \u06a9\u0646\u06cc\u062f. \u0644\u0637\u0641\u0627 \u0627\u0632 \u0641\u0631\u0645 \u062a\u0645\u0627\u0633 \u0645\u0627 \u062f\u0631 \u0648\u0628 \u0633\u0627\u06cc\u062a \u0627\u0633\u062a\u0641\u0627\u062f\u0647 \u06a9\u0646\u06cc\u062f.<br \/>\n\u0628\u0627 \u0634\u0645\u0627 \u062a\u0645\u0627\u0633 \u062e\u0648\u0627\u0647\u06cc\u0645 \u06af\u0631\u0641\u062a\u060c \u062e\u062f\u0645\u0627\u062a \u067e\u0634\u062a\u06cc\u0628\u0627\u0646\u06cc 24 \u0633\u0627\u0639\u062a\u0647 \u0645\u0627 \u0628\u0647 \u0633\u0648\u0627\u0644\u0627\u062a \u0639\u0645\u0648\u0645\u06cc  \u0634\u0645\u0627 \u0627\u0632 \u0637\u0631\u06cc\u0642 \u0648\u0627\u062a\u0633\u0627\u067e   \n+49 176 24764342<\/p>\n\n\t\t<\/div>\n\t<\/div>\n<div class=\"vc_row wpb_row vc_inner vc_custom_1460976938517\"><div class=\"wpb_column col-md-6\"><div class=\"wpb_wrapper\">\n<div class=\"wpcf7 no-js\" id=\"wpcf7-f1194-o1\" lang=\"en-US\" dir=\"ltr\">\n<div class=\"screen-reader-response\"><p role=\"status\" aria-live=\"polite\" aria-atomic=\"true\"><\/p> <ul><\/ul><\/div>\n<form action=\"\/fa\/wp-json\/wp\/v2\/pages\/1011#wpcf7-f1194-o1\" method=\"post\" class=\"wpcf7-form init\" aria-label=\"Contact form\" novalidate=\"novalidate\" data-status=\"init\" data-trp-original-action=\"\/fa\/wp-json\/wp\/v2\/pages\/1011#wpcf7-f1194-o1\">\n<div style=\"display: none;\">\n<input type=\"hidden\" name=\"_wpcf7\" value=\"1194\" \/>\n<input type=\"hidden\" name=\"_wpcf7_version\" value=\"5.9.5\" \/>\n<input type=\"hidden\" name=\"_wpcf7_locale\" value=\"en_US\" \/>\n<input type=\"hidden\" name=\"_wpcf7_unit_tag\" value=\"wpcf7-f1194-o1\" \/>\n<input type=\"hidden\" name=\"_wpcf7_container_post\" value=\"0\" \/>\n<input type=\"hidden\" name=\"_wpcf7_posted_data_hash\" value=\"\" \/>\n<\/div>\n<div class=\"contact-form-style-logistics-2 contact-form-style-3\">\n\t<p class=\"col-md-4 cf-style3-name\"><span class=\"wpcf7-form-control-wrap\" data-name=\"your-name\"><input size=\"40\" class=\"wpcf7-form-control wpcf7-text wpcf7-validates-as-required\" aria-required=\"true\" aria-invalid=\"false\" placeholder=\"\u0646\u0627\u0645\" value=\"\" type=\"text\" name=\"your-name\" \/><\/span>\n\t<\/p>\n\t<p class=\"col-md-4 cf-style3-email\"><span class=\"wpcf7-form-control-wrap\" data-name=\"email\"><input size=\"40\" class=\"wpcf7-form-control wpcf7-email wpcf7-validates-as-required wpcf7-text wpcf7-validates-as-email\" aria-required=\"true\" aria-invalid=\"false\" placeholder=\"\u0627\u06cc\u0645\u06cc\u0644\" value=\"\" type=\"email\" name=\"email\" \/><\/span>\n\t<\/p>\n\t<p class=\"col-md-4 cf-style3-email\"><span class=\"wpcf7-form-control-wrap\" data-name=\"your-tel\"><input size=\"40\" class=\"wpcf7-form-control wpcf7-text wpcf7-validates-as-required\" aria-required=\"true\" aria-invalid=\"false\" placeholder=\"\u0634\u0645\u0627\u0631\u0647 \u062a\u0644\u0641\u0646\" value=\"\" type=\"text\" name=\"your-tel\" \/><\/span>\n\t<\/p>\n\t<p class=\"col-md-12 cf-style3-text\"><span class=\"wpcf7-form-control-wrap\" data-name=\"your-subject\"><input size=\"40\" class=\"wpcf7-form-control wpcf7-text\" aria-invalid=\"false\" placeholder=\"\u0645\u0648\u0636\u0648\u0639\" value=\"\" type=\"text\" name=\"your-subject\" \/><\/span>\n\t<\/p>\n\t<p class=\"col-md-12 cf-style3-textarea\"><span class=\"wpcf7-form-control-wrap\" data-name=\"Messege\"><textarea cols=\"40\" rows=\"10\" class=\"wpcf7-form-control wpcf7-textarea wpcf7-validates-as-required\" aria-required=\"true\" aria-invalid=\"false\" placeholder=\"\u0645\u062a\u0646 \u062f\u0631\u062e\u0648\u0627\u0633\u062a \u0634\u0645\u0627\" name=\"Messege\"><\/textarea><\/span>\n\t<\/p>\n\t<p class=\"col-md-12\" ><input class=\"wpcf7-form-control wpcf7-submit has-spinner\" type=\"submit\" value=\"\u0627\u0631\u0633\u0627\u0644\" \/>\n\t<\/p>\n<\/div><div class=\"wpcf7-response-output\" aria-hidden=\"true\"><\/div>\n<input type=\"hidden\" name=\"trp-form-language\" value=\"fa\"\/><\/form>\n<\/div>\n<\/div><\/div><div class=\"wpb_column col-md-6\"><div class=\"wpb_wrapper\">\n\t<div  class=\"wpb_single_image wpb_content_element vc_align_left\">\n\t\t\n\t\t<figure class=\"wpb_wrapper vc_figure\">\n\t\t\t<div class=\"vc_single_image-wrapper   vc_box_border_grey\"><img loading=\"lazy\" decoding=\"async\" width=\"363\" height=\"484\" src=\"https:\/\/amaz-montage.de\/wp-content\/uploads\/2022\/01\/Kontakt-1.png\" class=\"vc_single_image-img attachment-full\" alt=\"\" srcset=\"https:\/\/amaz-montage.de\/wp-content\/uploads\/2022\/01\/Kontakt-1.png 363w, https:\/\/amaz-montage.de\/wp-content\/uploads\/2022\/01\/Kontakt-1-225x300.png 225w\" sizes=\"auto, (max-width: 363px) 100vw, 363px\" \/><\/div>\n\t\t<\/figure>\n\t<\/div>\n<\/div><\/div><\/div><\/div><\/div><\/div><\/section><section class=\"vc_rows wpb_rows vc_rows-fluid vc_custom_1460989404437\" style=\"background-position: None!important\"><div class=\"row\"><div class=\"wpb_column col-md-5\"><div class=\"wpb_wrapper\"><h3 style=\"font-size: 16px;color: #000000;text-transform: uppercase;\"><strong>\u062a\u0645\u0627\u0633 \u0628\u0627 \u0645\u0627<\/strong><\/h3><p style=\"color: #999999;margin-bottom: 15px;\">\u0633\u0648\u0627\u0644\u0627\u062a \u0634\u0645\u0627<br \/>\n\u0628\u0647 \u0645\u0627 \u0627\u0637\u0644\u0627\u0639 \u062f\u0647\u06cc\u062f\u060c \u06a9\u0627\u0631 \u0631\u0627 \u0628\u0647 \u0628\u0633\u067e\u0627\u0631\u06cc\u062f.<\/p>\t\r\n\t\t<div class=\"contact-info-part\">\r\n        <div class=\"contact-icon\">\r\n\t\t\t<img decoding=\"async\" src=\"https:\/\/amaz-montage.de\/wp-content\/uploads\/2016\/04\/1-3.png\" alt=\"\"> \r\n            <\/div>\r\n\t\t\t<div class=\"content\">\r\n\t\t\t<h4>\u0646\u0634\u0627\u0646\u06cc \u0645\u0627<\/h4>\r\n\t\t\t<p>Berliner Str.880<br \/>\n51069 K\u00f6ln<\/p>\r\n\t\t<\/div>\r\n\t\t<\/div>\r\n\t\r\n\t\r\n\t\t<div class=\"contact-info-part\">\r\n        <div class=\"contact-icon\">\r\n\t\t\t<img decoding=\"async\" src=\"https:\/\/amaz-montage.de\/wp-content\/uploads\/2016\/04\/2-5.png\" alt=\"\"> \r\n            <\/div>\r\n\t\t\t<div class=\"content\">\r\n\t\t\t<h4>\u0627\u06cc\u0645\u06cc\u0644 \u0645\u0627<\/h4>\r\n\t\t\t<p>info@amaz-montage.de<\/p>\r\n\t\t<\/div>\r\n\t\t<\/div>\r\n\t\r\n\t\r\n\t\t<div class=\"contact-info-part\">\r\n        <div class=\"contact-icon\">\r\n\t\t\t<img decoding=\"async\" src=\"https:\/\/amaz-montage.de\/wp-content\/uploads\/2016\/04\/3-5.png\" alt=\"\"> \r\n            <\/div>\r\n\t\t\t<div class=\"content\">\r\n\t\t\t<h4>\u0634\u0645\u0627\u0631\u0647 \u062a\u0645\u0627\u0633 \u0628\u0627 \u0645\u0627<\/h4>\r\n\t\t\t<p>0176-24764342<\/p>\r\n\t\t<\/div>\r\n\t\t<\/div>\r\n\t\r\n<\/div><\/div><div class=\"wpb_column col-md-7\"><div class=\"wpb_wrapper\"><div class=\"wpb_gmaps_widget wpb_content_element\"><div class=\"wpb_wrapper\"><div class=\"wpb_map_wraper\"><iframe src=\"https:\/\/www.google.com\/maps\/embed?pb=!1m18!1m12!1m3!1d2510.978991718889!2d7.0353188158089734!3d50.99806035563593!2m3!1f0!2f0!3f0!3m2!1i1024!2i768!4f13.1!3m3!1m2!1s0x47bf28c2a3ba862b%3A0xa0247c89b95e1de0!2sBerliner%20Str.%20880%2C%2051069%20K%C3%B6ln!5e0!3m2!1sde!2sde!4v1641466275522!5m2!1sde!2sde\" width=\"600\" height=\"450\" style=\"border:0;\" allowfullscreen=\"\" loading=\"lazy\"><\/iframe><\/div><\/div><\/div><\/div><\/div><\/div><\/section><section class=\"vc_rows wpb_rows vc_rows-fluid vc_custom_1466544867446\" style=\"background-position: None!important\"><div class=\"row\"><div class=\"wpb_column col-md-12\"><div class=\"wpb_wrapper\">\t\r\n\t<section id=\"great-moving-team-mover\">\r\n\t\t<div class=\"container\">\r\n\t\t\t<div class=\"row\">\r\n\t\t\t\t<div class=\"col-lg-6\">\r\n\t\t\t\t\t<h2 style=\"color: #ffb800;\"><b>\u0622\u0645\u0627\u0632<\/b> \u062e\u062f\u0645\u0627\u062a \u0645\u0648\u0646\u062a\u0627\u0698<\/h2>\r\n\t\t\t\t\t<p class=\"emergency24hour\" style=\"color: #ffffff;\">\u0645\u0634\u0627\u0648\u0631\u0647 \u062a\u062e\u0635\u0635\u06cc \u0648 \u0627\u0646\u062f\u0627\u0632\u0647 \u06af\u06cc\u0631\u06cc \u062f\u0631 \u0645\u062d\u0644!<\/p>\r\n\t\t\t\t\t<p class=\"has-btn\" style=\"\"><b>017624764342<\/b> \u06cc\u0627 <a href=\"https:\/\/amaz-montage.de\/fa\/kontakt\/\" class=\"hvr-bounce-to-right\">\u062a\u0645\u0627\u0633 \u0628\u0627 \u0645\u0627<\/a><\/p>\r\n\t\t\t\t<\/div>\r\n\t\t\t<\/div>\r\n\t\t<\/div>\r\n\t<\/section>\r\n\r\n\t<\/div><\/div><\/div><\/section>","protected":false},"excerpt":{"rendered":"Sie k\u00f6nnen jederzeit mit unserem Online-Vertreter sprechen. Bitte verwenden Sie unser Kontaktformular auf unserer Website. Bitte haben Sie etwas Geduld, wir werden uns bei Ihnen melden. Unser 24\/7 Support, allgemeine Anfragen Whatsapp: +49 176 24764342 Kontakt InfoHaben Sie Fragen? Lass uns wissen. Wir kl\u00e4ren es am besten f\u00fcr Sie. B\u00fcro Berliner Str.880 51069 K\u00f6ln email [...]","protected":false},"author":1,"featured_media":0,"parent":0,"menu_order":0,"comment_status":"closed","ping_status":"closed","template":"page-templates\/template-canvas.php","meta":{"footnotes":""},"class_list":["post-1011","page","type-page","status-publish","hentry"],"yoast_head":"<!-- This site is optimized with the Yoast SEO plugin v27.3 - https:\/\/yoast.com\/product\/yoast-seo-wordpress\/ -->\n<title>Kontakt - Amaz-Montage<\/title>\n<meta name=\"description\" content=\"Bitte verwenden Sie unser Kontaktformular auf unserer Website.Bitte haben Sie etwas Geduld, wir werden uns bei Ihnen melden. Unser 24\/7 Support, allgemeine Anfragen Whatsapp: +49 176 24764342\" \/>\n<meta name=\"robots\" content=\"index, follow, max-snippet:-1, max-image-preview:large, max-video-preview:-1\" \/>\n<link rel=\"canonical\" href=\"https:\/\/amaz-montage.de\/fa\/kontakt\/\" \/>\n<meta property=\"og:locale\" content=\"fa_IR\" \/>\n<meta property=\"og:type\" content=\"article\" \/>\n<meta property=\"og:title\" content=\"Kontakt - Amaz-Montage\" \/>\n<meta property=\"og:description\" content=\"Bitte verwenden Sie unser Kontaktformular auf unserer Website.Bitte haben Sie etwas Geduld, wir werden uns bei Ihnen melden. Unser 24\/7 Support, allgemeine Anfragen Whatsapp: +49 176 24764342\" \/>\n<meta property=\"og:url\" content=\"https:\/\/amaz-montage.de\/fa\/kontakt\/\" \/>\n<meta property=\"og:site_name\" content=\"Amaz-Montage\" \/>\n<meta property=\"article:modified_time\" content=\"2022-02-18T17:04:05+00:00\" \/>\n<meta name=\"twitter:card\" content=\"summary_large_image\" \/>\n<meta name=\"twitter:label1\" content=\"\u0632\u0645\u0627\u0646 \u062a\u0642\u0631\u06cc\u0628\u06cc \u0628\u0631\u0627\u06cc \u062e\u0648\u0627\u0646\u062f\u0646\" \/>\n\t<meta name=\"twitter:data1\" content=\"1 \u062f\u0642\u06cc\u0642\u0647\" \/>\n<script type=\"application\/ld+json\" class=\"yoast-schema-graph\">{\"@context\":\"https:\\\/\\\/schema.org\",\"@graph\":[{\"@type\":\"WebPage\",\"@id\":\"https:\\\/\\\/amaz-montage.de\\\/kontakt\",\"url\":\"https:\\\/\\\/amaz-montage.de\\\/kontakt\",\"name\":\"Kontakt - Amaz-Montage\",\"isPartOf\":{\"@id\":\"https:\\\/\\\/amaz-montage.de\\\/#website\"},\"datePublished\":\"2016-04-18T10:51:58+00:00\",\"dateModified\":\"2022-02-18T17:04:05+00:00\",\"description\":\"Bitte verwenden Sie unser Kontaktformular auf unserer Website.Bitte haben Sie etwas Geduld, wir werden uns bei Ihnen melden. Unser 24\\\/7 Support, allgemeine Anfragen Whatsapp: +49 176 24764342\",\"breadcrumb\":{\"@id\":\"https:\\\/\\\/amaz-montage.de\\\/kontakt#breadcrumb\"},\"inLanguage\":\"fa-IR\",\"potentialAction\":[{\"@type\":\"ReadAction\",\"target\":[\"https:\\\/\\\/amaz-montage.de\\\/kontakt\"]}]},{\"@type\":\"BreadcrumbList\",\"@id\":\"https:\\\/\\\/amaz-montage.de\\\/kontakt#breadcrumb\",\"itemListElement\":[{\"@type\":\"ListItem\",\"position\":1,\"name\":\"Startseite\",\"item\":\"https:\\\/\\\/amaz-montage.de\\\/\"},{\"@type\":\"ListItem\",\"position\":2,\"name\":\"Kontakt\"}]},{\"@type\":\"WebSite\",\"@id\":\"https:\\\/\\\/amaz-montage.de\\\/#website\",\"url\":\"https:\\\/\\\/amaz-montage.de\\\/\",\"name\":\"Amaz-Montage\",\"description\":\"Wir bieten einen kompletten Montageservice an.\",\"publisher\":{\"@id\":\"https:\\\/\\\/amaz-montage.de\\\/#organization\"},\"potentialAction\":[{\"@type\":\"SearchAction\",\"target\":{\"@type\":\"EntryPoint\",\"urlTemplate\":\"https:\\\/\\\/amaz-montage.de\\\/?s={search_term_string}\"},\"query-input\":{\"@type\":\"PropertyValueSpecification\",\"valueRequired\":true,\"valueName\":\"search_term_string\"}}],\"inLanguage\":\"fa-IR\"},{\"@type\":\"Organization\",\"@id\":\"https:\\\/\\\/amaz-montage.de\\\/#organization\",\"name\":\"Amaz-Montage\",\"url\":\"https:\\\/\\\/amaz-montage.de\\\/\",\"logo\":{\"@type\":\"ImageObject\",\"inLanguage\":\"fa-IR\",\"@id\":\"https:\\\/\\\/amaz-montage.de\\\/#\\\/schema\\\/logo\\\/image\\\/\",\"url\":\"https:\\\/\\\/amaz-montage.de\\\/wp-content\\\/uploads\\\/2021\\\/12\\\/cropped-Logo-1-1.png\",\"contentUrl\":\"https:\\\/\\\/amaz-montage.de\\\/wp-content\\\/uploads\\\/2021\\\/12\\\/cropped-Logo-1-1.png\",\"width\":933,\"height\":394,\"caption\":\"Amaz-Montage\"},\"image\":{\"@id\":\"https:\\\/\\\/amaz-montage.de\\\/#\\\/schema\\\/logo\\\/image\\\/\"}}]}<\/script>\n<!-- \/ Yoast SEO plugin. -->","yoast_head_json":{"title":"Kontakt - Amaz-Montage","description":"Bitte verwenden Sie unser Kontaktformular auf unserer Website.Bitte haben Sie etwas Geduld, wir werden uns bei Ihnen melden. Unser 24\/7 Support, allgemeine Anfragen Whatsapp: +49 176 24764342","robots":{"index":"index","follow":"follow","max-snippet":"max-snippet:-1","max-image-preview":"max-image-preview:large","max-video-preview":"max-video-preview:-1"},"canonical":"https:\/\/amaz-montage.de\/fa\/kontakt\/","og_locale":"fa_IR","og_type":"article","og_title":"Kontakt - Amaz-Montage","og_description":"Bitte verwenden Sie unser Kontaktformular auf unserer Website.Bitte haben Sie etwas Geduld, wir werden uns bei Ihnen melden. Unser 24\/7 Support, allgemeine Anfragen Whatsapp: +49 176 24764342","og_url":"https:\/\/amaz-montage.de\/fa\/kontakt\/","og_site_name":"Amaz-Montage","article_modified_time":"2022-02-18T17:04:05+00:00","twitter_card":"summary_large_image","twitter_misc":{"\u0632\u0645\u0627\u0646 \u062a\u0642\u0631\u06cc\u0628\u06cc \u0628\u0631\u0627\u06cc \u062e\u0648\u0627\u0646\u062f\u0646":"1 \u062f\u0642\u06cc\u0642\u0647"},"schema":{"@context":"https:\/\/schema.org","@graph":[{"@type":"WebPage","@id":"https:\/\/amaz-montage.de\/kontakt","url":"https:\/\/amaz-montage.de\/kontakt","name":"Kontakt - Amaz-Montage","isPartOf":{"@id":"https:\/\/amaz-montage.de\/#website"},"datePublished":"2016-04-18T10:51:58+00:00","dateModified":"2022-02-18T17:04:05+00:00","description":"Bitte verwenden Sie unser Kontaktformular auf unserer Website.Bitte haben Sie etwas Geduld, wir werden uns bei Ihnen melden. Unser 24\/7 Support, allgemeine Anfragen Whatsapp: +49 176 24764342","breadcrumb":{"@id":"https:\/\/amaz-montage.de\/kontakt#breadcrumb"},"inLanguage":"fa-IR","potentialAction":[{"@type":"ReadAction","target":["https:\/\/amaz-montage.de\/kontakt"]}]},{"@type":"BreadcrumbList","@id":"https:\/\/amaz-montage.de\/kontakt#breadcrumb","itemListElement":[{"@type":"ListItem","position":1,"name":"Startseite","item":"https:\/\/amaz-montage.de\/"},{"@type":"ListItem","position":2,"name":"Kontakt"}]},{"@type":"WebSite","@id":"https:\/\/amaz-montage.de\/#website","url":"https:\/\/amaz-montage.de\/","name":"Amaz-Montage","description":"Wir bieten einen kompletten Montageservice an.","publisher":{"@id":"https:\/\/amaz-montage.de\/#organization"},"potentialAction":[{"@type":"SearchAction","target":{"@type":"EntryPoint","urlTemplate":"https:\/\/amaz-montage.de\/?s={search_term_string}"},"query-input":{"@type":"PropertyValueSpecification","valueRequired":true,"valueName":"search_term_string"}}],"inLanguage":"fa-IR"},{"@type":"Organization","@id":"https:\/\/amaz-montage.de\/#organization","name":"Amaz-Montage","url":"https:\/\/amaz-montage.de\/","logo":{"@type":"ImageObject","inLanguage":"fa-IR","@id":"https:\/\/amaz-montage.de\/#\/schema\/logo\/image\/","url":"https:\/\/amaz-montage.de\/wp-content\/uploads\/2021\/12\/cropped-Logo-1-1.png","contentUrl":"https:\/\/amaz-montage.de\/wp-content\/uploads\/2021\/12\/cropped-Logo-1-1.png","width":933,"height":394,"caption":"Amaz-Montage"},"image":{"@id":"https:\/\/amaz-montage.de\/#\/schema\/logo\/image\/"}}]}},"_links":{"self":[{"href":"https:\/\/amaz-montage.de\/fa\/wp-json\/wp\/v2\/pages\/1011","targetHints":{"allow":["GET"]}}],"collection":[{"href":"https:\/\/amaz-montage.de\/fa\/wp-json\/wp\/v2\/pages"}],"about":[{"href":"https:\/\/amaz-montage.de\/fa\/wp-json\/wp\/v2\/types\/page"}],"author":[{"embeddable":true,"href":"https:\/\/amaz-montage.de\/fa\/wp-json\/wp\/v2\/users\/1"}],"replies":[{"embeddable":true,"href":"https:\/\/amaz-montage.de\/fa\/wp-json\/wp\/v2\/comments?post=1011"}],"version-history":[{"count":14,"href":"https:\/\/amaz-montage.de\/fa\/wp-json\/wp\/v2\/pages\/1011\/revisions"}],"predecessor-version":[{"id":1343,"href":"https:\/\/amaz-montage.de\/fa\/wp-json\/wp\/v2\/pages\/1011\/revisions\/1343"}],"wp:attachment":[{"href":"https:\/\/amaz-montage.de\/fa\/wp-json\/wp\/v2\/media?parent=1011"}],"curies":[{"name":"wp","href":"https:\/\/api.w.org\/{rel}","templated":true}]}}